{"id":10,"date":"2023-04-05T16:23:27","date_gmt":"2023-04-05T14:23:27","guid":{"rendered":"https:\/\/svenske-aktier.dk\/?page_id=10"},"modified":"2023-04-05T16:33:01","modified_gmt":"2023-04-05T14:33:01","slug":"astrazeneca-aktier","status":"publish","type":"page","link":"https:\/\/svenske-aktier.dk\/index.php\/astrazeneca-aktier\/","title":{"rendered":"AstraZeneca aktier"},"content":{"rendered":"\n<p>AstraZeneca er <strong>et af verdens st\u00f8rste medicinalselskaber<\/strong>, og blev stiftet ved en fusion i 2006 mellem svenske Astra og engelske Zeneca. Ved at v\u00e6re et af verdens st\u00f8rste <a href=\"https:\/\/svenske-aktier.dk\/index.php\/addlife-aktier\/\" data-type=\"page\" data-id=\"11\">medicinalselskaber<\/a>, er AstraZeneca naturligvis ogs\u00e5 en meget interessant svensk aktie. Her p\u00e5 siden kan du g\u00f8re dig meget klogere p\u00e5 AstraZeneca og AstraZeneca aktier.<\/p>\n\n\n\n<figure class=\"wp-block-image size-full\"><img loading=\"lazy\" decoding=\"async\" width=\"1280\" height=\"853\" src=\"https:\/\/svenske-aktier.dk\/wp-content\/uploads\/2023\/04\/AstraZeneca-aktier1.jpg\" alt=\"\" class=\"wp-image-35\" srcset=\"https:\/\/svenske-aktier.dk\/wp-content\/uploads\/2023\/04\/AstraZeneca-aktier1.jpg 1280w, https:\/\/svenske-aktier.dk\/wp-content\/uploads\/2023\/04\/AstraZeneca-aktier1-300x200.jpg 300w, https:\/\/svenske-aktier.dk\/wp-content\/uploads\/2023\/04\/AstraZeneca-aktier1-1024x682.jpg 1024w, https:\/\/svenske-aktier.dk\/wp-content\/uploads\/2023\/04\/AstraZeneca-aktier1-768x512.jpg 768w\" sizes=\"auto, (max-width: 1280px) 100vw, 1280px\" \/><\/figure>\n\n\n\n<h2 class=\"wp-block-heading\">Om AstraZeneca<\/h2>\n\n\n\n<p>Ved at v\u00e6re et af verdens st\u00f8rste medicinalselskaber, er det helt naturligt at AstraZeneca har haft succes gennem en l\u00e6ngere periode. Det ser man da ogs\u00e5 tydeligt p\u00e5 grafen for aktiekursen, der i mange \u00e5r har v\u00e6ret st\u00e6rkt opadg\u00e5ende, og som i forbindelse med corona-krisen tog endnu et h\u00f8jdespring.<\/p>\n\n\n\n<p>Her udviklede og producerede AstraZeneca nemlig en af de vacciner, der blev brugt i kampen mod corona-virussen. Det har naturligvis bragt ekstra succes med sig, og har v\u00e6ret medvirkende til, at aktiekursen har kunne fastholde sin meget gode stigning over flere \u00e5r.<\/p>\n\n\n\n<p>AstraZeneca er en sammenslutning mellem det svenske selskab Astra og det engelske selskab Zeneca, og blev stiftet gennem en fusion af de to selskaber. I till\u00e6g til den store succes med corona-vaccinen, s\u00e5 udvikler og producerer AstraZeneca ogs\u00e5 med stor succes kr\u00e6ftmedicin og medicin mod hjertesygdomme, infektioner og meget andet.<\/p>\n\n\n\n<p>I 2019 l\u00f8d oms\u00e6tningen i AstraZeneca p\u00e5 24 milliarder dollars og med et resultat for \u00e5ret p\u00e5 1 milliard dollars. Selskabet havde dertil aktiver for over 60 milliarder dollars. De st\u00f8rste ejere af AstraZeneca t\u00e6ller navne s\u00e5som Investor AB, BlackRock og Wellington Management.<\/p>\n\n\n\n<h2 class=\"wp-block-heading\">Grunde til at tjekke op p\u00e5 AstraZeneca aktier<\/h2>\n\n\n\n<p>AstraZeneca har i forbindelse med corona-krisen opn\u00e5et stor anerkendelse for sin indsats i bek\u00e6mpelsen af corona. AstraZeneca er s\u00e5ledes et af de medicinalselskaber, der har udviklet en coronavaccine med stor succes, og som har skubbet dem ind i bevidstheden i den bredere befolkning.<\/p>\n\n\n\n<p>Den store succes har man ogs\u00e5 kunne se p\u00e5 en stigende aktiekurs, der dog l\u00e6nge f\u00f8r succesen med deres coronavaccine, havde opn\u00e5et stor succes og v\u00e6kst p\u00e5 aktiemarkedet. Der er alts\u00e5 tale om et aktieselskab og aktier, der gennem mange \u00e5r har pr\u00e6steret rigtig godt p\u00e5 aktiemarkedet.<\/p>\n\n\n\n<p>Det giver store forh\u00e5bninger om, at AstraZeneca forts\u00e6tter den store succes, som har gjort dem til et af de st\u00f8rste medicinalselskaber i verden. Forts\u00e6tter den store succes for AstraZeneca, s\u00e5 vil der v\u00e6re gode afkast at hente p\u00e5 AstraZeneca aktier.<\/p>\n\n\n\n<p>Der er dog ingen garantier om succes p\u00e5 aktiemarkedet, og der er mange faktorer, der spiller ind p\u00e5 en akties succes. Vil man derfor gerne vide mere om, hvorvidt AstraZeneca aktier har et stort investeringspotentiale, s\u00e5 b\u00f8r man selv tjekke op p\u00e5 aktien.<\/p>\n\n\n\n<p>Ved at v\u00e6re placeret p\u00e5 det svenske aktiemarked, nyder AstraZeneca godt af den st\u00e6rke svenske \u00f8konomi over tid. Den svenske \u00f8konomi er nemlig afspejlet i det svenske aktiemarked, og med en st\u00e6rk \u00f8konomi, s\u00e5 vil der ogs\u00e5 v\u00e6re et st\u00e6rkt aktiemarked. Det er til stor fordel for de svenske aktier s\u00e5som AstraZeneca aktier.<\/p>\n\n\n\n<p>Der er alts\u00e5 mange <strong>gode tegn p\u00e5, at AstraZeneca gemmer p\u00e5 et stort investeringspotentiale<\/strong>. Derfor anbefaler vi at tjekke grundigt op p\u00e5 aktien, for at f\u00e5 afsl\u00f8ret om AstraZeneca aktier gemmer p\u00e5 et stort investeringspotentiale eller ej. Lav derfor med fordel en grundig analyse af AstraZeneca aktier for at f\u00e5 afklaret investeringspotentialet, hvis du er interesseret i store og historisk gode svenske aktier.<\/p>\n","protected":false},"excerpt":{"rendered":"<p>AstraZeneca er et af verdens st\u00f8rste medicinalselskaber, og blev stiftet ved en fusion i 2006 mellem svenske Astra og engelske Zeneca. Ved at v\u00e6re et af verdens st\u00f8rste medicinalselskaber, er AstraZeneca naturligvis ogs\u00e5 en meget interessant svensk aktie. Her p\u00e5 siden kan du g\u00f8re dig meget klogere p\u00e5 AstraZeneca og AstraZeneca aktier. Om AstraZeneca Ved &#8230; <a title=\"AstraZeneca aktier\" class=\"read-more\" href=\"https:\/\/svenske-aktier.dk\/index.php\/astrazeneca-aktier\/\" aria-label=\"Read more about AstraZeneca aktier\">L\u00e6s mere <\/a><\/p>\n","protected":false},"author":1,"featured_media":0,"parent":0,"menu_order":0,"comment_status":"closed","ping_status":"closed","template":"","meta":{"footnotes":""},"class_list":["post-10","page","type-page","status-publish"],"_links":{"self":[{"href":"https:\/\/svenske-aktier.dk\/index.php\/wp-json\/wp\/v2\/pages\/10","targetHints":{"allow":["GET"]}}],"collection":[{"href":"https:\/\/svenske-aktier.dk\/index.php\/wp-json\/wp\/v2\/pages"}],"about":[{"href":"https:\/\/svenske-aktier.dk\/index.php\/wp-json\/wp\/v2\/types\/page"}],"author":[{"embeddable":true,"href":"https:\/\/svenske-aktier.dk\/index.php\/wp-json\/wp\/v2\/users\/1"}],"replies":[{"embeddable":true,"href":"https:\/\/svenske-aktier.dk\/index.php\/wp-json\/wp\/v2\/comments?post=10"}],"version-history":[{"count":4,"href":"https:\/\/svenske-aktier.dk\/index.php\/wp-json\/wp\/v2\/pages\/10\/revisions"}],"predecessor-version":[{"id":42,"href":"https:\/\/svenske-aktier.dk\/index.php\/wp-json\/wp\/v2\/pages\/10\/revisions\/42"}],"wp:attachment":[{"href":"https:\/\/svenske-aktier.dk\/index.php\/wp-json\/wp\/v2\/media?parent=10"}],"curies":[{"name":"wp","href":"https:\/\/api.w.org\/{rel}","templated":true}]}}