{"id":14,"date":"2023-04-05T16:24:16","date_gmt":"2023-04-05T14:24:16","guid":{"rendered":"https:\/\/svenske-aktier.dk\/?page_id=14"},"modified":"2023-04-05T16:32:33","modified_gmt":"2023-04-05T14:32:33","slug":"medcap-aktier","status":"publish","type":"page","link":"https:\/\/svenske-aktier.dk\/index.php\/medcap-aktier\/","title":{"rendered":"Medcap aktier"},"content":{"rendered":"\n<p>Medcap er et svensk selskab inden for <a href=\"https:\/\/svenske-aktier.dk\/index.php\/svenske-sundheds-aktier\/\" data-type=\"page\" data-id=\"9\">medicinalindustrien<\/a>, og som<strong> i mange \u00e5r har haft en st\u00e6rkt stigende aktiekurs<\/strong>. Det har gjort Medcap aktier til nogle utroligt popul\u00e6re svenske aktier, og aktier der er sv\u00e6re at komme uden om, hvis man gerne vil se mere om nogle svenske aktier. Her p\u00e5 siden kan du se meget mere om Medcap og Medcap aktier.<\/p>\n\n\n\n<figure class=\"wp-block-image size-full\"><img loading=\"lazy\" decoding=\"async\" width=\"1280\" height=\"960\" src=\"https:\/\/svenske-aktier.dk\/wp-content\/uploads\/2023\/04\/Medcap-aktier1.jpg\" alt=\"\" class=\"wp-image-30\" srcset=\"https:\/\/svenske-aktier.dk\/wp-content\/uploads\/2023\/04\/Medcap-aktier1.jpg 1280w, https:\/\/svenske-aktier.dk\/wp-content\/uploads\/2023\/04\/Medcap-aktier1-300x225.jpg 300w, https:\/\/svenske-aktier.dk\/wp-content\/uploads\/2023\/04\/Medcap-aktier1-1024x768.jpg 1024w, https:\/\/svenske-aktier.dk\/wp-content\/uploads\/2023\/04\/Medcap-aktier1-768x576.jpg 768w\" sizes=\"auto, (max-width: 1280px) 100vw, 1280px\" \/><\/figure>\n\n\n\n<h2 class=\"wp-block-heading\">Om Medcap<\/h2>\n\n\n\n<p>Medcap st\u00e5r for at finde og opk\u00f8be selskaber i medicinalindustrien, med det form\u00e5l at udvikle dem for at g\u00f8re dem mere profitable. Det er en forretningsmodel, som har givet Medcap utroligt meget succes gennem tiden, og som man ogs\u00e5 har kunne se p\u00e5 en stigende graf for aktiekursen.<\/p>\n\n\n\n<p>Den store succes har helt naturligt bragt meget opm\u00e6rksomhed med sig, og som ogs\u00e5 har gjort Med Cap aktier utroligt popul\u00e6re blandt investorer, der \u00f8nsker at hoppe med p\u00e5 b\u00f8lgen. For investorerne er det nu sp\u00e6ndende at se, om Medcap kan forts\u00e6tte den gode kurs, og blive ved med at levere gode afkast til sine investorer og aktion\u00e6rer.<\/p>\n\n\n\n<p>Selskabet havde i regnskabs\u00e5ret 2022 en oms\u00e6tning p\u00e5 lidt over 1 milliard svenske kroner, og opererede med et EBITDA p\u00e5 250 millioner svenske kroner. Selskabet havde i samme \u00e5r lidt over 350 ansatte.<\/p>\n\n\n\n<h2 class=\"wp-block-heading\">Derfor er der god grund til at tjekke op p\u00e5 Medcap aktier<\/h2>\n\n\n\n<p>Medcap aktier er nogle meget interessante og sp\u00e6ndende svenske aktier, og som er blevet blandt de mest popul\u00e6re aktier i medicinalindustrien. Ser man p\u00e5 aktiekursen, s\u00e5 er det da ogs\u00e5 nemt at forst\u00e5 hvorfor, at Medcap aktier er blevet s\u00e5 popul\u00e6re. Der har nemlig v\u00e6ret tale om en rigtig god v\u00e6kst i mange \u00e5r, hvilket har givet gode afkast til investorerne.<\/p>\n\n\n\n<p>Dette er en af de helt store grunde til, at man b\u00f8r tjekke op p\u00e5 Medcap aktier. De har s\u00e5ledes klaret sig utroligt godt i flere \u00e5r, hvilket giver forh\u00e5bninger og forventninger om, at Medcap aktier kan forts\u00e6tte med at v\u00e6re en god investering. Tror du p\u00e5, at de kan det, s\u00e5 skal du helt klart tjekke godt op p\u00e5 Medcap aktier.<\/p>\n\n\n\n<p>Der er derudover ogs\u00e5 andre faktorer ved Medcap aktier, som det er v\u00e6rd at belyse. Det g\u00e6lder ikke mindst i forhold til, at Medcap aktier er en del af det svenske aktiemarked, og som f\u00f8lge deraf nyder godt af de fordele, der er ved at v\u00e6re placeret p\u00e5 det svenske aktiemarked.<\/p>\n\n\n\n<p>Det svenske aktiemarked er meget stabilt over tid, og har stor modstandsdygtighed over for kriser. Dette skaber et st\u00e6rkt fundament og sikkerhedsnet under de svenske aktier, og er ogs\u00e5 noget der kommer Medcap aktier til gode. Den store modstandsdygtighed over for selv de v\u00e6rste kriser, samt den historisk gode aktiekurs, g\u00f8r Medcap aktier utroligt interessante.<\/p>\n\n\n\n<p>Derfor anbefaler vi da ogs\u00e5 at tjekke godt op p\u00e5 Medcap aktier, der <strong>meget hurtigt kan vise sig at forts\u00e6tte deres v\u00e6kst<\/strong>. Det kan meget vel betyde gode afkast p\u00e5 sigt, og derfor b\u00f8r du unders\u00f8ge og tjekke grundigt op p\u00e5 Medcap aktier, for at se p\u00e5 deres investeringspotentiale p\u00e5 b\u00e5de den korte og den lange bane.<\/p>\n","protected":false},"excerpt":{"rendered":"<p>Medcap er et svensk selskab inden for medicinalindustrien, og som i mange \u00e5r har haft en st\u00e6rkt stigende aktiekurs. Det har gjort Medcap aktier til nogle utroligt popul\u00e6re svenske aktier, og aktier der er sv\u00e6re at komme uden om, hvis man gerne vil se mere om nogle svenske aktier. Her p\u00e5 siden kan du se &#8230; <a title=\"Medcap aktier\" class=\"read-more\" href=\"https:\/\/svenske-aktier.dk\/index.php\/medcap-aktier\/\" aria-label=\"Read more about Medcap aktier\">L\u00e6s mere <\/a><\/p>\n","protected":false},"author":1,"featured_media":0,"parent":0,"menu_order":0,"comment_status":"closed","ping_status":"closed","template":"","meta":{"footnotes":""},"class_list":["post-14","page","type-page","status-publish"],"_links":{"self":[{"href":"https:\/\/svenske-aktier.dk\/index.php\/wp-json\/wp\/v2\/pages\/14","targetHints":{"allow":["GET"]}}],"collection":[{"href":"https:\/\/svenske-aktier.dk\/index.php\/wp-json\/wp\/v2\/pages"}],"about":[{"href":"https:\/\/svenske-aktier.dk\/index.php\/wp-json\/wp\/v2\/types\/page"}],"author":[{"embeddable":true,"href":"https:\/\/svenske-aktier.dk\/index.php\/wp-json\/wp\/v2\/users\/1"}],"replies":[{"embeddable":true,"href":"https:\/\/svenske-aktier.dk\/index.php\/wp-json\/wp\/v2\/comments?post=14"}],"version-history":[{"count":4,"href":"https:\/\/svenske-aktier.dk\/index.php\/wp-json\/wp\/v2\/pages\/14\/revisions"}],"predecessor-version":[{"id":38,"href":"https:\/\/svenske-aktier.dk\/index.php\/wp-json\/wp\/v2\/pages\/14\/revisions\/38"}],"wp:attachment":[{"href":"https:\/\/svenske-aktier.dk\/index.php\/wp-json\/wp\/v2\/media?parent=14"}],"curies":[{"name":"wp","href":"https:\/\/api.w.org\/{rel}","templated":true}]}}