{"id":175,"date":"2023-04-05T17:00:49","date_gmt":"2023-04-05T15:00:49","guid":{"rendered":"https:\/\/svenske-aktier.dk\/?page_id=175"},"modified":"2023-04-05T17:17:25","modified_gmt":"2023-04-05T15:17:25","slug":"svenske-finans-aktier","status":"publish","type":"page","link":"https:\/\/svenske-aktier.dk\/index.php\/svenske-finans-aktier\/","title":{"rendered":"Svenske finans aktier"},"content":{"rendered":"\n<p>Blandt de svenske finans aktier finder man <strong>nogle af de helt store svenske aktier og aktieselskaber<\/strong>, og det er derfor et rigtig interessant marked at se n\u00e6rmere p\u00e5. Der gemmer sig nemlig mange gode aktier, og leder du efter viden om nogle eksempler p\u00e5 svenske finans aktier, s\u00e5 finder du hvad du s\u00f8ger her p\u00e5 siden.<\/p>\n\n\n\n<p>Vi har nemlig set n\u00e6rmere p\u00e5 nogle af de mest popul\u00e6re svenske finans aktier, og hvor du kan se mere om de svenske finans aktier hos Investor AB, Bure Equity og Swedbank, der alle h\u00f8rer til blandt sp\u00e6ndende svenske finans aktier. Se mere om disse sp\u00e6ndende svenske finans aktier her p\u00e5 siden.<\/p>\n\n\n\n<p>F\u00f8r du g\u00e5r videre b\u00f8r du dog f\u00f8rst notere dig, at der ikke er tale om deciderede aktie anbefalinger, til de svenske finans aktier du kan se mere om her p\u00e5 siden. Brug udelukkende den viden du kan f\u00e5 her p\u00e5 siden om nogle svenske finans aktier, til at f\u00e5 unders\u00f8gt om det kunne v\u00e6re interessant for dig, at se n\u00e6rmere p\u00e5 de svenske finans aktier.<\/p>\n\n\n\n<figure class=\"wp-block-image size-full\"><img loading=\"lazy\" decoding=\"async\" width=\"1280\" height=\"860\" src=\"https:\/\/svenske-aktier.dk\/wp-content\/uploads\/2023\/04\/Svenske-finans-aktier1.jpg\" alt=\"\" class=\"wp-image-228\" srcset=\"https:\/\/svenske-aktier.dk\/wp-content\/uploads\/2023\/04\/Svenske-finans-aktier1.jpg 1280w, https:\/\/svenske-aktier.dk\/wp-content\/uploads\/2023\/04\/Svenske-finans-aktier1-300x202.jpg 300w, https:\/\/svenske-aktier.dk\/wp-content\/uploads\/2023\/04\/Svenske-finans-aktier1-1024x688.jpg 1024w, https:\/\/svenske-aktier.dk\/wp-content\/uploads\/2023\/04\/Svenske-finans-aktier1-768x516.jpg 768w\" sizes=\"auto, (max-width: 1280px) 100vw, 1280px\" \/><\/figure>\n\n\n\n<h2 class=\"wp-block-heading\">3 gode svenske finans aktier<\/h2>\n\n\n\n<p>Her f\u00e5r du mere viden om 3 gode svenske finans aktier, og hvor det ikke mindst bliver sv\u00e6rt at komme uden om Investor AB aktierne, der er et af de st\u00f8rste selskaber i Sverige. Dertil kan du ogs\u00e5 f\u00e5 mere viden om to andre sp\u00e6ndende svenske finans aktier i henholdsvis Bure Equity aktier og Swedbank aktier.<\/p>\n\n\n\n<h3 class=\"wp-block-heading\">Investor AB<\/h3>\n\n\n\n<p>Investor AB er et af Sveriges st\u00f8rste selskaber, og som tager form af et investeringsselskab. Gennem sine investeringer ejer Investor AB store andele i en r\u00e6kke af de st\u00f8rste svenske selskaber, samt i en lang r\u00e6kke af mindre og mellemstore selskaber. Det giver Investor AB en enorm betydning for den svenske \u00f8konomi.<\/p>\n\n\n\n<p>Den svenske \u00f8konomi er dog st\u00e6rk over tid, og det afspejler aktiekursen p\u00e5 <a href=\"https:\/\/svenske-aktier.dk\/index.php\/investor-ab-aktier\/\" data-type=\"page\" data-id=\"176\">Investor AB aktier<\/a> da ogs\u00e5. Der har nemlig i mange \u00e5r v\u00e6ret en stigende aktiekurs p\u00e5 Investor AB aktier, og Investor AB har i mange \u00e5r v\u00e6ret blandt de mest popul\u00e6re aktier p\u00e5 det svenske aktiemarked. Derfor er Investor AB aktier naturligvis med p\u00e5 vores liste med gode svenske finans aktier.<\/p>\n\n\n\n<h3 class=\"wp-block-heading\">Bure Equity<\/h3>\n\n\n\n<p>Bure Equity er den st\u00f8rste privatskoleoperat\u00f8r i Sverige, og har store investeringer i mange af de f\u00f8rende p\u00e5 omr\u00e5det for privatskoler. Dertil har Bure Equity ogs\u00e5 en r\u00e6kke investeringer i andre selskaber, og har i mange \u00e5r haft en ganske god succes. Det kan man ogs\u00e5 se p\u00e5 aktiekursen, der over tid har v\u00e6ret inde i en god stigning.<\/p>\n\n\n\n<p>Bure Equity er m\u00e5ske ikke s\u00e5 velkendt blandt danske investorer, men med den gode aktiekurs over tid, s\u00e5 er det helt klart en aktie, der er v\u00e6rd at holde \u00f8je med, hvis man i forvejen er interesseret i svenske finans aktier. P\u00e5 den baggrund har Bure Equity fundet vej til vores liste med gode svenske finans aktier.<\/p>\n\n\n\n<h3 class=\"wp-block-heading\">Swedbank<\/h3>\n\n\n\n<p>Swedbank er en af de store banker i Sverige, og som derfor er blandt de f\u00f8rende p\u00e5 et meget sp\u00e6ndende marked. Det g\u00f8r i sig selv Swedbank aktier meget interessante, og ser man p\u00e5 aktiekursen, s\u00e5 har der ogs\u00e5 v\u00e6ret tale om en ganske p\u00e6n v\u00e6kst over tid. Det har v\u00e6ret med til at \u00f8ge populariteten p\u00e5 Swedbank aktier.<\/p>\n\n\n\n<p>Med sin st\u00e6rke markedsposition og lange historie p\u00e5 aktiemarkedet, er det en aktie, som man kan se n\u00e6rmere p\u00e5, hvis man \u00f8nsker at se n\u00e6rmere p\u00e5 nogle etablerede svenske finans aktier. Set i det perspektiv, s\u00e5 <strong>er Swedbank aktier nemlig meget sp\u00e6ndende og interessante<\/strong>.<\/p>\n","protected":false},"excerpt":{"rendered":"<p>Blandt de svenske finans aktier finder man nogle af de helt store svenske aktier og aktieselskaber, og det er derfor et rigtig interessant marked at se n\u00e6rmere p\u00e5. Der gemmer sig nemlig mange gode aktier, og leder du efter viden om nogle eksempler p\u00e5 svenske finans aktier, s\u00e5 finder du hvad du s\u00f8ger her p\u00e5 &#8230; <a title=\"Svenske finans aktier\" class=\"read-more\" href=\"https:\/\/svenske-aktier.dk\/index.php\/svenske-finans-aktier\/\" aria-label=\"Read more about Svenske finans aktier\">L\u00e6s mere <\/a><\/p>\n","protected":false},"author":1,"featured_media":0,"parent":0,"menu_order":0,"comment_status":"closed","ping_status":"closed","template":"","meta":{"footnotes":""},"class_list":["post-175","page","type-page","status-publish"],"_links":{"self":[{"href":"https:\/\/svenske-aktier.dk\/index.php\/wp-json\/wp\/v2\/pages\/175","targetHints":{"allow":["GET"]}}],"collection":[{"href":"https:\/\/svenske-aktier.dk\/index.php\/wp-json\/wp\/v2\/pages"}],"about":[{"href":"https:\/\/svenske-aktier.dk\/index.php\/wp-json\/wp\/v2\/types\/page"}],"author":[{"embeddable":true,"href":"https:\/\/svenske-aktier.dk\/index.php\/wp-json\/wp\/v2\/users\/1"}],"replies":[{"embeddable":true,"href":"https:\/\/svenske-aktier.dk\/index.php\/wp-json\/wp\/v2\/comments?post=175"}],"version-history":[{"count":4,"href":"https:\/\/svenske-aktier.dk\/index.php\/wp-json\/wp\/v2\/pages\/175\/revisions"}],"predecessor-version":[{"id":234,"href":"https:\/\/svenske-aktier.dk\/index.php\/wp-json\/wp\/v2\/pages\/175\/revisions\/234"}],"wp:attachment":[{"href":"https:\/\/svenske-aktier.dk\/index.php\/wp-json\/wp\/v2\/media?parent=175"}],"curies":[{"name":"wp","href":"https:\/\/api.w.org\/{rel}","templated":true}]}}