{"id":179,"date":"2023-04-05T17:01:30","date_gmt":"2023-04-05T15:01:30","guid":{"rendered":"https:\/\/svenske-aktier.dk\/?page_id=179"},"modified":"2023-04-05T17:17:15","modified_gmt":"2023-04-05T15:17:15","slug":"seb-aktier","status":"publish","type":"page","link":"https:\/\/svenske-aktier.dk\/index.php\/seb-aktier\/","title":{"rendered":"SEB aktier"},"content":{"rendered":"\n<p>SEB st\u00e5r for Skandinaviska Enskilda Banken, og <strong>er en svensk bank<\/strong>. SEB har ogs\u00e5 en stor tilstedev\u00e6relse i Danmark, hvor SEB har omkring 400.000 kunder, mens SEB p\u00e5 verdensplan betjener over 4 millioner. SEB aktier er derfor ogs\u00e5 kendt af mange danske investorer, og vil du vide mere om SEB aktier, s\u00e5 f\u00e5r du mere viden her p\u00e5 siden.<\/p>\n\n\n\n<figure class=\"wp-block-image size-full\"><img loading=\"lazy\" decoding=\"async\" width=\"1280\" height=\"853\" src=\"https:\/\/svenske-aktier.dk\/wp-content\/uploads\/2023\/04\/SEB-aktier1.jpg\" alt=\"\" class=\"wp-image-223\" srcset=\"https:\/\/svenske-aktier.dk\/wp-content\/uploads\/2023\/04\/SEB-aktier1.jpg 1280w, https:\/\/svenske-aktier.dk\/wp-content\/uploads\/2023\/04\/SEB-aktier1-300x200.jpg 300w, https:\/\/svenske-aktier.dk\/wp-content\/uploads\/2023\/04\/SEB-aktier1-1024x682.jpg 1024w, https:\/\/svenske-aktier.dk\/wp-content\/uploads\/2023\/04\/SEB-aktier1-768x512.jpg 768w\" sizes=\"auto, (max-width: 1280px) 100vw, 1280px\" \/><\/figure>\n\n\n\n<h2 class=\"wp-block-heading\">Hvem er SEB<\/h2>\n\n\n\n<p>SEB er som n\u00e6vnt indledningsvist en svensk bank. Banken blev grundlagt i 1856, og kan spores i sin nuv\u00e6rende form tilbage til 1972. Der er derfor tale om en af Sveriges \u00e6ldre banker. Hoveds\u00e6det er i Stockholm, og banken har op over 15.000 ansatte.<\/p>\n\n\n\n<p>At SEB er en stor bank kan ses p\u00e5 oms\u00e6tningen, der i 2022 l\u00f8d p\u00e5 65 mia. svenske kroner, og med et endeligt resultat for 2022 p\u00e5 27 mia. svenske kroner. Der er dermed tale om en bank, der i de senere \u00e5r har leveret rigtig gode regnskabsm\u00e6ssige resultater.<\/p>\n\n\n\n<p>SEB har en st\u00e6rk tilstedev\u00e6relse i Danmark, der kan spores helt tilbage 90\u2019erne. I Danmark har SEB i dag omkring 400.000, men havde ogs\u00e5 en overgang en stor andel af pensionsmarkedet, inden SEB frasolgte deres pensionsdel til Danske Bank i 2017.<\/p>\n\n\n\n<p>Det er dog ikke kun i Sverige og i Danmark, at SEB har en st\u00e6rk tilstedev\u00e6relse. S\u00e5ledes har banken tilstedev\u00e6relse i en r\u00e6kke lande, og har over 4 mio. kunder p\u00e5 verdensplan. Det er ikke mindst markeder i Norden, Baltikum og i Tyskland, som er bankens hovedmarkeder.<\/p>\n\n\n\n<p>Over tid har SEB aktier vist sig at v\u00e6re stabile og st\u00f8t stigende, hvilket p\u00e5 mange m\u00e5der g\u00f8r SEB aktier til en relativt sikker investering over tid. Dette er naturligvis sagt med forbehold for, at der aldrig er garantier eller sikkerheder p\u00e5 aktiemarkedet, n\u00e5r det kommer til udviklingen p\u00e5 aktiekurserne.<\/p>\n\n\n\n<h2 class=\"wp-block-heading\">Vi anbefaler at tjekke op p\u00e5 SEB aktier<\/h2>\n\n\n\n<p>SEB aktier har vist sig at v\u00e6re stabile og st\u00f8t stigende over tid, og har leveret ganske p\u00e6ne afkast til investorerne. Det har gjort SEB aktier til en ganske popul\u00e6r svensk aktier, og en af de mere popul\u00e6re <a href=\"https:\/\/svenske-aktier.dk\/index.php\/swedbank-aktier\/\" data-type=\"page\" data-id=\"180\">svenske finans aktier<\/a>.<\/p>\n\n\n\n<p>Banken har opn\u00e5et solide positioner p\u00e5 hovedmarkederne, og er godt rustet til fremtiden. Det giver god tro p\u00e5, at SEB aktier vil forts\u00e6tte med at v\u00e6re gode aktier over tid. Dette er blandt de store grunde til, at vi anbefaler at tjekke op p\u00e5 SEB aktier.<\/p>\n\n\n\n<p>En anden ting der er v\u00e6rd at fremh\u00e6ve ved SEB aktier er, at de er placeret p\u00e5 det svenske aktiemarked. Det svenske aktiemarked har vist sig st\u00e6rkt og stabilt over tid, hvilket giver et st\u00e6rkt fundament under de svenske aktier, og hvilket ogs\u00e5 kommer SEB aktier til gode.<\/p>\n\n\n\n<p>Alt dette er <strong>gode grunde til at tjekke op p\u00e5 SEB aktier<\/strong>, som er en god aktie til dig, der gerne vil se mere om de svenske finans aktier, eller som bare gerne vil se mere om nogle svenske aktier. F\u00e5 derfor unders\u00f8gt SEB aktier helt til bunds, s\u00e5 du kan se mere om, hvorvidt SEB aktier kunne v\u00e6re en god investering for dig.<\/p>\n","protected":false},"excerpt":{"rendered":"<p>SEB st\u00e5r for Skandinaviska Enskilda Banken, og er en svensk bank. SEB har ogs\u00e5 en stor tilstedev\u00e6relse i Danmark, hvor SEB har omkring 400.000 kunder, mens SEB p\u00e5 verdensplan betjener over 4 millioner. SEB aktier er derfor ogs\u00e5 kendt af mange danske investorer, og vil du vide mere om SEB aktier, s\u00e5 f\u00e5r du mere &#8230; <a title=\"SEB aktier\" class=\"read-more\" href=\"https:\/\/svenske-aktier.dk\/index.php\/seb-aktier\/\" aria-label=\"Read more about SEB aktier\">L\u00e6s mere <\/a><\/p>\n","protected":false},"author":1,"featured_media":0,"parent":0,"menu_order":0,"comment_status":"closed","ping_status":"closed","template":"","meta":{"footnotes":""},"class_list":["post-179","page","type-page","status-publish"],"_links":{"self":[{"href":"https:\/\/svenske-aktier.dk\/index.php\/wp-json\/wp\/v2\/pages\/179","targetHints":{"allow":["GET"]}}],"collection":[{"href":"https:\/\/svenske-aktier.dk\/index.php\/wp-json\/wp\/v2\/pages"}],"about":[{"href":"https:\/\/svenske-aktier.dk\/index.php\/wp-json\/wp\/v2\/types\/page"}],"author":[{"embeddable":true,"href":"https:\/\/svenske-aktier.dk\/index.php\/wp-json\/wp\/v2\/users\/1"}],"replies":[{"embeddable":true,"href":"https:\/\/svenske-aktier.dk\/index.php\/wp-json\/wp\/v2\/comments?post=179"}],"version-history":[{"count":4,"href":"https:\/\/svenske-aktier.dk\/index.php\/wp-json\/wp\/v2\/pages\/179\/revisions"}],"predecessor-version":[{"id":232,"href":"https:\/\/svenske-aktier.dk\/index.php\/wp-json\/wp\/v2\/pages\/179\/revisions\/232"}],"wp:attachment":[{"href":"https:\/\/svenske-aktier.dk\/index.php\/wp-json\/wp\/v2\/media?parent=179"}],"curies":[{"name":"wp","href":"https:\/\/api.w.org\/{rel}","templated":true}]}}