{"id":319,"date":"2023-04-05T18:03:06","date_gmt":"2023-04-05T16:03:06","guid":{"rendered":"https:\/\/svenske-aktier.dk\/?page_id=319"},"modified":"2023-04-05T18:04:11","modified_gmt":"2023-04-05T16:04:11","slug":"svenske-vaabenaktier","status":"publish","type":"page","link":"https:\/\/svenske-aktier.dk\/index.php\/svenske-vaabenaktier\/","title":{"rendered":"Svenske v\u00e5benaktier"},"content":{"rendered":"\n<p>Svenske v\u00e5benaktier henviser til de <a href=\"https:\/\/svenske-aktier.dk\/index.php\/svenske-staal-aktier\/\" data-type=\"page\" data-id=\"318\">svenske aktier<\/a>, der p\u00e5 en eller anden m\u00e5de <strong>tager del i v\u00e5benproduktionen og v\u00e5benindustrien i Sverige<\/strong>. Der findes en del svenske v\u00e5benaktier, og her p\u00e5 siden kan du se nogle af de svenske v\u00e5benaktier, som er blandt de mest kendte og popul\u00e6re svenske v\u00e5benaktier.<\/p>\n\n\n\n<p>Dertil ser vi ogs\u00e5 n\u00e6rmere p\u00e5 nogle af de forhold, der g\u00f8r sig g\u00e6ldende ved svenske v\u00e5benaktier, herunder ogs\u00e5 p\u00e5 nogle af de etiske sp\u00f8rgsm\u00e5l der er, n\u00e5r v\u00e5benfabrikanter sender v\u00e5ben ind i krigszoner. Alt dette og mere kan du se ved at l\u00e6se med videre her p\u00e5 siden.<\/p>\n\n\n\n<p>Endelig er det ogs\u00e5 vigtigt at v\u00e6re opm\u00e6rksom p\u00e5, at de svenske v\u00e5benaktier du finder viden om her p\u00e5 siden, ikke er anbefalinger til at investere i aktierne. Det er udelukkende viden om nogle svenske v\u00e5benaktier, som du derefter kan unders\u00f8ge n\u00e6rmere. Husk altid at lave din egen analyse af de aktier, som du overvejer at investere i.<\/p>\n\n\n\n<figure class=\"wp-block-image size-large\"><img loading=\"lazy\" decoding=\"async\" width=\"1024\" height=\"682\" src=\"https:\/\/svenske-aktier.dk\/wp-content\/uploads\/2023\/04\/Svenske-vaabenaktier1-1024x682.jpg\" alt=\"\" class=\"wp-image-361\" srcset=\"https:\/\/svenske-aktier.dk\/wp-content\/uploads\/2023\/04\/Svenske-vaabenaktier1-1024x682.jpg 1024w, https:\/\/svenske-aktier.dk\/wp-content\/uploads\/2023\/04\/Svenske-vaabenaktier1-300x200.jpg 300w, https:\/\/svenske-aktier.dk\/wp-content\/uploads\/2023\/04\/Svenske-vaabenaktier1-768x512.jpg 768w, https:\/\/svenske-aktier.dk\/wp-content\/uploads\/2023\/04\/Svenske-vaabenaktier1.jpg 1280w\" sizes=\"auto, (max-width: 1024px) 100vw, 1024px\" \/><\/figure>\n\n\n\n<h2 class=\"wp-block-heading\">Gode svenske v\u00e5benaktier at se n\u00e6rmere p\u00e5<\/h2>\n\n\n\n<p>Der findes mange svenske v\u00e5benselskaber og svenske v\u00e5benaktier, og har du ikke kendskab til nogle af de mange svenske v\u00e5benaktier, s\u00e5 f\u00e5r du her viden om to af de svenske v\u00e5benaktier, som er blandt de mest kendte. Brug denne viden til at afg\u00f8re, om disse svenske v\u00e5benaktier kunne v\u00e6re interessante for dig at se n\u00e6rmere p\u00e5.<\/p>\n\n\n\n<p>Vil du vide mere om disse to svenske v\u00e5benaktier, eller nogle af de mange andre svenske aktier, s\u00e5 kan du finde meget mere viden om de svenske aktier her p\u00e5 hjemmesiden. S\u00e5 l\u00e6nge du er til svenske aktier, s\u00e5 finder du med garanti noget viden her p\u00e5 hjemmesiden, som du kan bruge til din fordel.<\/p>\n\n\n\n<h3 class=\"wp-block-heading\">Saab aktier<\/h3>\n\n\n\n<p>Saab er en <strong>stor svensk industrikoncern<\/strong>, der blandt andet producerer v\u00e5bensystemer, flyvemaskiner og elektronik. Med sin st\u00f8rrelse er Saab en af Sveriges st\u00f8rste v\u00e5ben selskaber, og dermed ogs\u00e5 en af det svenske aktiemarkeds st\u00f8rste v\u00e5benaktier.<\/p>\n\n\n\n<p>Vil man derfor gerne investere i de helt store svenske v\u00e5benaktier, s\u00e5 kan man med fordel starte ud med at se p\u00e5 Saab aktier. De passer nemlig perfekt til den investor, der gerne vil se mere om de store svenske v\u00e5benaktier, med henblik p\u00e5 at se p\u00e5 eventuelle investeringer.<\/p>\n\n\n\n<h3 class=\"wp-block-heading\">Husqvarna aktier<\/h3>\n\n\n\n<p>Husqvarna er et andet stort svensk v\u00e5ben selskab, og som <strong>har en lang og stolt tradition i v\u00e5benindustrien<\/strong>. S\u00e5ledes kan Husqvarna spore sin v\u00e5benproduktion helt tilbage til 1689, da selskabet for f\u00f8rste gang producerede gev\u00e6rer. I till\u00e6g til at v\u00e6re en del af den svenske v\u00e5benindustri, s\u00e5 er Husqvarna ogs\u00e5 p\u00e5 markedet for husholdnings- og havemaskiner.<\/p>\n\n\n\n<p>Husqvarna er alts\u00e5 en anden sp\u00e6ndende stor svensk v\u00e5benaktie, og som man ogs\u00e5 med fordel kan se n\u00e6rmere p\u00e5, hvis man er interesserede i at investere i svenske v\u00e5benaktier. Med Husqvarna og Saab bliver det muligt for dig at f\u00e5 indblik i, om de svenske v\u00e5benaktier er noget for dig at investere i eller ej.<\/p>\n\n\n\n<h2 class=\"wp-block-heading\">Etiske sp\u00f8rgsm\u00e5l omkring investering i svenske v\u00e5benaktier<\/h2>\n\n\n\n<p>Der er store etiske sp\u00f8rgsm\u00e5l vedr\u00f8rende investeringer i svenske v\u00e5benaktier, og alle andre v\u00e5benaktier for den sags skyld. De etiske sp\u00f8rgsm\u00e5l best\u00e5r i, at man ved at investere i v\u00e5benaktier, er med til at finansiere produktionen af v\u00e5ben, der potentielt havner i krigszoner.<\/p>\n\n\n\n<p>Man kan dermed risikere at komme under beskydning for at investere i aktier og selskaber, der bidrager til uro rundt omkring i verden, og hvor der vil v\u00e6re mange uskyldige ofre. At investere i v\u00e5benaktier er derfor en moralsk og etisk afvejning, som man b\u00f8r g\u00f8re sig, inden man investerer i v\u00e5benaktier.<\/p>\n\n\n\n<p>For mange vil der eksempelvis v\u00e6re stor forskel p\u00e5, om man investerer i de v\u00e5benaktier, der udelukkende producerer v\u00e5ben til selvforsvar, sammenlignet med at investere i v\u00e5benaktier, som ogs\u00e5 producerer v\u00e5ben til brug i aktive krigszoner.<\/p>\n\n\n\n<p>F\u00f8r man investerer i v\u00e5benaktier, kan man derfor med fordel unders\u00f8ge, om selskaberne bag leverer v\u00e5ben til krigszoner eller til omr\u00e5der, som man selv ikke kan forsvare, hverken etisk eller moralsk. P\u00e5 den m\u00e5de kan man f\u00e5 sorteret de v\u00e5benaktier fra, som ikke stemmer overens med ens egne v\u00e6rdier.<\/p>\n\n\n\n<p>Uanset ens holdning til v\u00e5benaktier, og til de etiske sp\u00f8rgsm\u00e5l der presser sig p\u00e5, s\u00e5 er det en god ting at have med i sine overvejelser, at der er etiske sp\u00f8rgsm\u00e5l forbundet med at investere i v\u00e5benaktier. Overvej derfor om de svenske v\u00e5benaktier er noget for dig, og i s\u00e5 fald under hvilke betingelser du har lyst til at investere i de svenske v\u00e5benaktier.<\/p>\n\n\n\n<figure class=\"wp-block-image size-large\"><img loading=\"lazy\" decoding=\"async\" width=\"1024\" height=\"683\" src=\"https:\/\/svenske-aktier.dk\/wp-content\/uploads\/2023\/04\/Svenske-vaabenaktier2-1024x683.jpg\" alt=\"\" class=\"wp-image-362\" srcset=\"https:\/\/svenske-aktier.dk\/wp-content\/uploads\/2023\/04\/Svenske-vaabenaktier2-1024x683.jpg 1024w, https:\/\/svenske-aktier.dk\/wp-content\/uploads\/2023\/04\/Svenske-vaabenaktier2-300x200.jpg 300w, https:\/\/svenske-aktier.dk\/wp-content\/uploads\/2023\/04\/Svenske-vaabenaktier2-768x512.jpg 768w, https:\/\/svenske-aktier.dk\/wp-content\/uploads\/2023\/04\/Svenske-vaabenaktier2.jpg 1279w\" sizes=\"auto, (max-width: 1024px) 100vw, 1024px\" \/><\/figure>\n\n\n\n<h2 class=\"wp-block-heading\">Lav altid din egen research<\/h2>\n\n\n\n<p>Det er <strong>vigtigt, at man altid s\u00f8rger for at lave sin egen research<\/strong>, og ikke bare beror p\u00e5 den viden, som man f\u00e5r ved f\u00f8rste \u00f8jekast. At finde de rette investeringer handler ikke mindst om, at man s\u00e6tter sig grundigt ind i de markeder og aktier, som man gerne vil investere i.<\/p>\n\n\n\n<p>Det er forskelligt fra investor til investor, hvad man kigger efter, n\u00e5r man skal finde ud af, hvorvidt en aktie er noget man har lyst til at investere i. Der er dog nogle ting, som man altid med fordel kan unders\u00f8ge, og nogle af dem ser vi kort n\u00e6rmere p\u00e5 i det f\u00f8lgende.<\/p>\n\n\n\n<p>Det er altid en god ide, at man kigger p\u00e5 den historiske aktiekurs. Den kan nemlig sige noget om, hvordan aktien klarer sig nu og her, men ogs\u00e5 hvordan den historisk har klaret sig over tid. Ved at se p\u00e5 den historiske aktiekurs, kan man f\u00e5 et meget bedre overblik over aktien.<\/p>\n\n\n\n<p>Dertil er det ogs\u00e5 en god ide, at man kigger p\u00e5 de regnskabsm\u00e6ssige resultater. Her kan man nemlig f\u00e5 indblik i, hvordan selskabet klarer sig \u00f8konomisk, og om der er tale om en b\u00e6redygtig forretning. Det er afg\u00f8rende viden i forhold til at fastsl\u00e5, om aktien kunne v\u00e6re en god aktie at investere i.<\/p>\n\n\n\n<p>Det kan ogs\u00e5 v\u00e6re en god ide at finde nogle investorer eller andre investeringseksperter, som man kan lytte til. Her g\u00e6lder det naturligvis om at finde eksperter, som har forstand p\u00e5 at investere. Husk at man ikke b\u00f8r tage nogens ord for gode varer, n\u00e5r det kommer til at investere for dine egne penge, men det kan alligevel have sine fordele, at lytte til rigtige eksperter.<\/p>\n","protected":false},"excerpt":{"rendered":"<p>Svenske v\u00e5benaktier henviser til de svenske aktier, der p\u00e5 en eller anden m\u00e5de tager del i v\u00e5benproduktionen og v\u00e5benindustrien i Sverige. Der findes en del svenske v\u00e5benaktier, og her p\u00e5 siden kan du se nogle af de svenske v\u00e5benaktier, som er blandt de mest kendte og popul\u00e6re svenske v\u00e5benaktier. Dertil ser vi ogs\u00e5 n\u00e6rmere p\u00e5 &#8230; <a title=\"Svenske v\u00e5benaktier\" class=\"read-more\" href=\"https:\/\/svenske-aktier.dk\/index.php\/svenske-vaabenaktier\/\" aria-label=\"Read more about Svenske v\u00e5benaktier\">L\u00e6s mere <\/a><\/p>\n","protected":false},"author":1,"featured_media":0,"parent":0,"menu_order":0,"comment_status":"closed","ping_status":"closed","template":"","meta":{"footnotes":""},"class_list":["post-319","page","type-page","status-publish"],"_links":{"self":[{"href":"https:\/\/svenske-aktier.dk\/index.php\/wp-json\/wp\/v2\/pages\/319","targetHints":{"allow":["GET"]}}],"collection":[{"href":"https:\/\/svenske-aktier.dk\/index.php\/wp-json\/wp\/v2\/pages"}],"about":[{"href":"https:\/\/svenske-aktier.dk\/index.php\/wp-json\/wp\/v2\/types\/page"}],"author":[{"embeddable":true,"href":"https:\/\/svenske-aktier.dk\/index.php\/wp-json\/wp\/v2\/users\/1"}],"replies":[{"embeddable":true,"href":"https:\/\/svenske-aktier.dk\/index.php\/wp-json\/wp\/v2\/comments?post=319"}],"version-history":[{"count":4,"href":"https:\/\/svenske-aktier.dk\/index.php\/wp-json\/wp\/v2\/pages\/319\/revisions"}],"predecessor-version":[{"id":363,"href":"https:\/\/svenske-aktier.dk\/index.php\/wp-json\/wp\/v2\/pages\/319\/revisions\/363"}],"wp:attachment":[{"href":"https:\/\/svenske-aktier.dk\/index.php\/wp-json\/wp\/v2\/media?parent=319"}],"curies":[{"name":"wp","href":"https:\/\/api.w.org\/{rel}","templated":true}]}}