{"id":55,"date":"2023-04-05T16:36:13","date_gmt":"2023-04-05T14:36:13","guid":{"rendered":"https:\/\/svenske-aktier.dk\/?page_id=55"},"modified":"2023-04-05T16:41:40","modified_gmt":"2023-04-05T14:41:40","slug":"viaplay-aktier","status":"publish","type":"page","link":"https:\/\/svenske-aktier.dk\/index.php\/viaplay-aktier\/","title":{"rendered":"Viaplay aktier"},"content":{"rendered":"\n<p>Viaplay er <strong>en streamingtjeneste m\u00e5lrettet de nordiske markeder<\/strong>, og som er ejet af den svenske mediekoncern Viaplay Group. Selskabet blev etableret som et selvst\u00e6ndigt selskab i 2018, efter at MTG fraskilte deres Tv- radio- og produktionsdel. Selskabet blev b\u00f8rsnoteret i marts 2019, og har siden da v\u00e6ret en meget popul\u00e6r aktie blandt de nordiske investorer. Her p\u00e5 siden har vi set n\u00e6rmere p\u00e5 Viaplay og Viaplay aktier.<\/p>\n\n\n\n<figure class=\"wp-block-image size-full\"><img loading=\"lazy\" decoding=\"async\" width=\"1279\" height=\"853\" src=\"https:\/\/svenske-aktier.dk\/wp-content\/uploads\/2023\/04\/Viaplay-aktier1.jpg\" alt=\"\" class=\"wp-image-71\" srcset=\"https:\/\/svenske-aktier.dk\/wp-content\/uploads\/2023\/04\/Viaplay-aktier1.jpg 1279w, https:\/\/svenske-aktier.dk\/wp-content\/uploads\/2023\/04\/Viaplay-aktier1-300x200.jpg 300w, https:\/\/svenske-aktier.dk\/wp-content\/uploads\/2023\/04\/Viaplay-aktier1-1024x683.jpg 1024w, https:\/\/svenske-aktier.dk\/wp-content\/uploads\/2023\/04\/Viaplay-aktier1-768x512.jpg 768w\" sizes=\"auto, (max-width: 1279px) 100vw, 1279px\" \/><\/figure>\n\n\n\n<h2 class=\"wp-block-heading\">Hvem er Viaplay<\/h2>\n\n\n\n<p>Viaplay er en svensk mediekoncern, der tilbyder tv- streaming m\u00e5lrettet mod det nordiske marked. Det g\u00f8r ogs\u00e5 Viaplay til en kendt akt\u00f8r p\u00e5 det danske tv- og streaming marked, og som er st\u00e6rkt medvirkende til, at Viaplay er blevet en velkendt og popul\u00e6r aktie blandt danske og andre nordiske investorer.<\/p>\n\n\n\n<p>Selskabet var oprindeligt tv- radio- og produktionsdelen i MTG, men blev i 2018 fraskilt MTG for at blive et selvst\u00e6ndigt selskab. Kort efter fulgte b\u00f8rsnoteringen af Viaplay, da selskabet blev b\u00f8rsnoteret p\u00e5 det svenske aktiemarked i marts 2019. Indledningsvist var aktiekursen st\u00f8t stigende, omend aktiekursen er fladet lidt ud igen.<\/p>\n\n\n\n<p>Overordnet set har der v\u00e6ret en mindre stigning, s\u00e5 man kan sige om den f\u00f8rste tid p\u00e5 aktiemarkedet for Viaplay aktier, at de har haft en lidt svingende, men overordnet stabil f\u00f8rste periode. Det store sp\u00f8rgsm\u00e5l for investorerne er nu, hvordan Viaplay aktier vil udvikle sig i de kommende \u00e5r.<\/p>\n\n\n\n<p>Viaplay har i sine f\u00f8rste \u00e5r som selvst\u00e6ndigt selskab, v\u00e6ret m\u00e5lrettet de nordiske markeder. Dog har Viaplay i de senere \u00e5r offentliggjort planer om at udvide til internationale markeder, og det bliver sp\u00e6ndende at se, om Viaplay f\u00e5r held med disse investeringer.<\/p>\n\n\n\n<h2 class=\"wp-block-heading\">Derfor b\u00f8r du se n\u00e6rmere p\u00e5 Viaplay aktier<\/h2>\n\n\n\n<p>Der er gode grunde til at se n\u00e6rmere p\u00e5 Viaplay, der har etableret sig som en af de st\u00f8rste streamingtjenester p\u00e5 det nordiske marked. Det skaber et solidt fundament for Viaplay aktier, som har gode foruds\u00e6tninger for at kunne klare sig godt p\u00e5 <a href=\"https:\/\/svenske-aktier.dk\/index.php\/svenske-telekommunikations-aktier\/\" data-type=\"page\" data-id=\"50\">aktiemarkedet<\/a>.<\/p>\n\n\n\n<p>Viaplay har dertil gang i nogle sp\u00e6ndende investeringer, hvor man fors\u00f8ger at udvide aktiviteterne til internationale markeder. Hidtil har Viaplay kun v\u00e6ret m\u00e5lrettet de nordiske markeder, og det er derfor sp\u00e6ndende, hvordan Viaplay klarer sig med deres nye investeringer og udvidelser p\u00e5 de internationale markeder.<\/p>\n\n\n\n<p>Dette giver alt sammen gode forh\u00e5bninger om fremtiden, og ser man p\u00e5 aktiekursen, s\u00e5 er der en lille fremgang at spore p\u00e5 den korte tid, som Viaplay aktier har v\u00e6ret p\u00e5 aktiemarkedet. Det er ogs\u00e5 med til at give gode grunde til, at man b\u00f8r tjekke godt op p\u00e5 Viaplay aktier.<\/p>\n\n\n\n<p>Dertil er der ogs\u00e5 en stor fordel ved, at Viaplay er placeret p\u00e5 det svenske aktiemarked, og derfor er underst\u00f8ttet af den svenske \u00f8konomi. Den svenske \u00f8konomi er meget st\u00e6rk og stabil over tid, hvilket giver en solid udgangsposition for de svenske aktier, som st\u00e5r st\u00e6rkt imod i selv de h\u00e5rde tider.<\/p>\n\n\n\n<p>Alle disse forhold er <strong>gode grunde til, at man b\u00f8r unders\u00f8ge Viaplay aktier<\/strong>, med henblik p\u00e5 at se p\u00e5 investeringspotentialet. Det kan nemlig meget hurtigt vise sig, at Viaplay aktier begynder at stige, s\u00e6rligt hvis Viaplay f\u00e5r held med deres investeringer p\u00e5 de internationale markeder.<\/p>\n","protected":false},"excerpt":{"rendered":"<p>Viaplay er en streamingtjeneste m\u00e5lrettet de nordiske markeder, og som er ejet af den svenske mediekoncern Viaplay Group. Selskabet blev etableret som et selvst\u00e6ndigt selskab i 2018, efter at MTG fraskilte deres Tv- radio- og produktionsdel. Selskabet blev b\u00f8rsnoteret i marts 2019, og har siden da v\u00e6ret en meget popul\u00e6r aktie blandt de nordiske investorer. &#8230; <a title=\"Viaplay aktier\" class=\"read-more\" href=\"https:\/\/svenske-aktier.dk\/index.php\/viaplay-aktier\/\" aria-label=\"Read more about Viaplay aktier\">L\u00e6s mere <\/a><\/p>\n","protected":false},"author":1,"featured_media":0,"parent":0,"menu_order":0,"comment_status":"closed","ping_status":"closed","template":"","meta":{"footnotes":""},"class_list":["post-55","page","type-page","status-publish"],"_links":{"self":[{"href":"https:\/\/svenske-aktier.dk\/index.php\/wp-json\/wp\/v2\/pages\/55","targetHints":{"allow":["GET"]}}],"collection":[{"href":"https:\/\/svenske-aktier.dk\/index.php\/wp-json\/wp\/v2\/pages"}],"about":[{"href":"https:\/\/svenske-aktier.dk\/index.php\/wp-json\/wp\/v2\/types\/page"}],"author":[{"embeddable":true,"href":"https:\/\/svenske-aktier.dk\/index.php\/wp-json\/wp\/v2\/users\/1"}],"replies":[{"embeddable":true,"href":"https:\/\/svenske-aktier.dk\/index.php\/wp-json\/wp\/v2\/comments?post=55"}],"version-history":[{"count":4,"href":"https:\/\/svenske-aktier.dk\/index.php\/wp-json\/wp\/v2\/pages\/55\/revisions"}],"predecessor-version":[{"id":78,"href":"https:\/\/svenske-aktier.dk\/index.php\/wp-json\/wp\/v2\/pages\/55\/revisions\/78"}],"wp:attachment":[{"href":"https:\/\/svenske-aktier.dk\/index.php\/wp-json\/wp\/v2\/media?parent=55"}],"curies":[{"name":"wp","href":"https:\/\/api.w.org\/{rel}","templated":true}]}}