{"id":93,"date":"2023-04-05T16:43:13","date_gmt":"2023-04-05T14:43:13","guid":{"rendered":"https:\/\/svenske-aktier.dk\/?page_id=93"},"modified":"2023-04-05T16:50:39","modified_gmt":"2023-04-05T14:50:39","slug":"fortnox-aktier","status":"publish","type":"page","link":"https:\/\/svenske-aktier.dk\/index.php\/fortnox-aktier\/","title":{"rendered":"Fortnox aktier"},"content":{"rendered":"\n<p>Fortnox er <strong>et svensk teknologiselskab<\/strong>, der tilbyder en cloud-baseret platform for virksomheder til finansiel administration. Selskabet blev grundlagt tilbage i 2001, og har siden oplevet en enorm stor succes p\u00e5 det <a href=\"https:\/\/svenske-aktier.dk\/index.php\/cint-group-aktier\/\" data-type=\"page\" data-id=\"92\">svenske aktiemarked<\/a>. Er du interesseret i at vide mere om denne sp\u00e6ndende svenske aktie, s\u00e5 kan du se meget mere om Fortnox aktier her p\u00e5 siden.<\/p>\n\n\n\n<figure class=\"wp-block-image size-full\"><img loading=\"lazy\" decoding=\"async\" width=\"1280\" height=\"853\" src=\"https:\/\/svenske-aktier.dk\/wp-content\/uploads\/2023\/04\/Fortnox-aktier1.jpg\" alt=\"\" class=\"wp-image-118\" srcset=\"https:\/\/svenske-aktier.dk\/wp-content\/uploads\/2023\/04\/Fortnox-aktier1.jpg 1280w, https:\/\/svenske-aktier.dk\/wp-content\/uploads\/2023\/04\/Fortnox-aktier1-300x200.jpg 300w, https:\/\/svenske-aktier.dk\/wp-content\/uploads\/2023\/04\/Fortnox-aktier1-1024x682.jpg 1024w, https:\/\/svenske-aktier.dk\/wp-content\/uploads\/2023\/04\/Fortnox-aktier1-768x512.jpg 768w\" sizes=\"auto, (max-width: 1280px) 100vw, 1280px\" \/><\/figure>\n\n\n\n<h2 class=\"wp-block-heading\">Om Fortnox<\/h2>\n\n\n\n<p>Fortnox blev som selskab grundlagt i 2001 af Jan \u00c4lmeby, med det form\u00e5l at levere digitale l\u00f8sninger til virksomheder. L\u00f8sninger er en cloud-baseret software, der omfatter alt lige fra \u00f8konomisystemer, finansieringstjenester, faktureringstjenester, l\u00f8nsystemer og meget andet.<\/p>\n\n\n\n<p>Gennem \u00e5rene har Fortnox f\u00e5et opbygget et stort kundekartotek, og hvor der i 2021 var der knap en halv million erhvervskunder som brugere af Fortnox systemer og software. \u00d8konomisk resulterede det i en oms\u00e6tning i 2021 p\u00e5 lige knap en milliard svenske kroner.<\/p>\n\n\n\n<p>Siden sin introduktion p\u00e5 det svenske aktiemarked, har Fortnox aktier v\u00e6ret en af de bedst pr\u00e6sterende aktier, og som har givet investorerne og aktion\u00e6rerne store afkast gennem tiderne. Det har naturligvis skabt meget popularitet og interesse om Fortnox aktier, og i det f\u00f8lgende kan du se mere om nogle af de ting ved Fortnox aktier, der g\u00f8r det interessant at unders\u00f8ge Fortnox aktier n\u00e6rmere.<\/p>\n\n\n\n<h2 class=\"wp-block-heading\">Derfor skal du finde mere viden om Fortnox aktier<\/h2>\n\n\n\n<p>Der er flere gode grunde til, at du b\u00f8r finde mere viden om Fortnox aktier, med det form\u00e5l at f\u00e5 afklaret om Fortnox aktier kunne v\u00e6re en god investering for dig. Blandt de helt store grunde er, at Fortnox har klaret sig utroligt godt p\u00e5 aktiemarkedet, og at Fortnox er placeret p\u00e5 et st\u00e6rkt og stabilt aktiemarked.\u2019<\/p>\n\n\n\n<p>\u2018<\/p>\n\n\n\n<p>Fortnox aktier har v\u00e6ret vanvittigt godt pr\u00e6sterende i mange \u00e5r, og er som f\u00f8lge deraf blevet en af de mere popul\u00e6re svenske aktier inden for teknologibranchen. Den store popularitet er igen med til at skubbe til aktiekursen, og har v\u00e6ret en medvirkende faktor i, at Fortnox aktier har klaret sig s\u00e5 godt p\u00e5 aktiemarkedet.<\/p>\n\n\n\n<p>Det ligner alts\u00e5 umiddelbart en aktie, der kan pr\u00e6stere rigtig godt over tid, hvilket naturligvis \u00f8ger interessen for aktien. Det er da ogs\u00e5 den helt store grund til, at vi anbefaler at se n\u00e6rmere p\u00e5 Fortnox aktier. Er du til svenske teknologi aktier, s\u00e5 er Fortnox aktier sv\u00e6re at komme udenom.<\/p>\n\n\n\n<p>Det er ikke kun den gode aktiekurs, som er positivt at sige om Fortnox aktier. Der er nemlig ogs\u00e5 store fordele forbundet med, at Fortnox aktier er en del af det svenske aktiemarked. Det svenske aktiemarked er nemlig st\u00e6rkt i et historisk perspektiv, og er noget, som giver et st\u00e6rkt fundament under de svenske aktier. Det er noget som Fortnox aktier ogs\u00e5 nyder godt af.<\/p>\n\n\n\n<p>Af disse gode grunde <strong>anbefaler vi at finde mere viden om Fortnox aktier<\/strong>, for at kunne lave en mere grundig analyse. Med en grundig analyse bliver det nemmere for dig at sige noget om, hvorvidt Fortnox aktier kunne v\u00e6re gode aktier at investere i. Fortnox aktier virker meget lovende, s\u00e5 det er helt klart en aktie, som du b\u00f8r holde godt \u00f8je med.<\/p>\n","protected":false},"excerpt":{"rendered":"<p>Fortnox er et svensk teknologiselskab, der tilbyder en cloud-baseret platform for virksomheder til finansiel administration. Selskabet blev grundlagt tilbage i 2001, og har siden oplevet en enorm stor succes p\u00e5 det svenske aktiemarked. Er du interesseret i at vide mere om denne sp\u00e6ndende svenske aktie, s\u00e5 kan du se meget mere om Fortnox aktier her &#8230; <a title=\"Fortnox aktier\" class=\"read-more\" href=\"https:\/\/svenske-aktier.dk\/index.php\/fortnox-aktier\/\" aria-label=\"Read more about Fortnox aktier\">L\u00e6s mere <\/a><\/p>\n","protected":false},"author":1,"featured_media":0,"parent":0,"menu_order":0,"comment_status":"closed","ping_status":"closed","template":"","meta":{"footnotes":""},"class_list":["post-93","page","type-page","status-publish"],"_links":{"self":[{"href":"https:\/\/svenske-aktier.dk\/index.php\/wp-json\/wp\/v2\/pages\/93","targetHints":{"allow":["GET"]}}],"collection":[{"href":"https:\/\/svenske-aktier.dk\/index.php\/wp-json\/wp\/v2\/pages"}],"about":[{"href":"https:\/\/svenske-aktier.dk\/index.php\/wp-json\/wp\/v2\/types\/page"}],"author":[{"embeddable":true,"href":"https:\/\/svenske-aktier.dk\/index.php\/wp-json\/wp\/v2\/users\/1"}],"replies":[{"embeddable":true,"href":"https:\/\/svenske-aktier.dk\/index.php\/wp-json\/wp\/v2\/comments?post=93"}],"version-history":[{"count":4,"href":"https:\/\/svenske-aktier.dk\/index.php\/wp-json\/wp\/v2\/pages\/93\/revisions"}],"predecessor-version":[{"id":125,"href":"https:\/\/svenske-aktier.dk\/index.php\/wp-json\/wp\/v2\/pages\/93\/revisions\/125"}],"wp:attachment":[{"href":"https:\/\/svenske-aktier.dk\/index.php\/wp-json\/wp\/v2\/media?parent=93"}],"curies":[{"name":"wp","href":"https:\/\/api.w.org\/{rel}","templated":true}]}}