{"id":94,"date":"2023-04-05T16:43:25","date_gmt":"2023-04-05T14:43:25","guid":{"rendered":"https:\/\/svenske-aktier.dk\/?page_id=94"},"modified":"2023-04-05T16:50:34","modified_gmt":"2023-04-05T14:50:34","slug":"better-collective-aktier","status":"publish","type":"page","link":"https:\/\/svenske-aktier.dk\/index.php\/better-collective-aktier\/","title":{"rendered":"Better Collective aktier"},"content":{"rendered":"\n<p>Better Collective er <strong>et svensk selskab med fokus p\u00e5 iGaming<\/strong>, og som har en lang r\u00e6kke online platforme. Selskabet tilbyder blandt andet betting tips og nyheder til deres mange millioner af kunder og bes\u00f8gende fra hele verden. Vil du vide mere om Better Collective, s\u00e5 har vi her p\u00e5 siden taget et n\u00e6rmere kig p\u00e5 Better Collective og Collective aktier, som du kan have stor gavn af.<\/p>\n\n\n\n<figure class=\"wp-block-image size-full\"><img loading=\"lazy\" decoding=\"async\" width=\"1280\" height=\"853\" src=\"https:\/\/svenske-aktier.dk\/wp-content\/uploads\/2023\/04\/Better-Collective-aktier1.jpg\" alt=\"\" class=\"wp-image-117\" srcset=\"https:\/\/svenske-aktier.dk\/wp-content\/uploads\/2023\/04\/Better-Collective-aktier1.jpg 1280w, https:\/\/svenske-aktier.dk\/wp-content\/uploads\/2023\/04\/Better-Collective-aktier1-300x200.jpg 300w, https:\/\/svenske-aktier.dk\/wp-content\/uploads\/2023\/04\/Better-Collective-aktier1-1024x682.jpg 1024w, https:\/\/svenske-aktier.dk\/wp-content\/uploads\/2023\/04\/Better-Collective-aktier1-768x512.jpg 768w\" sizes=\"auto, (max-width: 1280px) 100vw, 1280px\" \/><\/figure>\n\n\n\n<h2 class=\"wp-block-heading\">Om Better Collective<\/h2>\n\n\n\n<p>Better Collective bestr\u00e6ber sig p\u00e5 at blive verdens f\u00f8rende digitale sportsmedie, hvilket de s\u00f8ger at opn\u00e5 gennem deres digitale platforme, hvor sportsinteresserede brugere kan f\u00e5 nyheder, betting tips og meget andet relateret viden om sport og sportsbegivenheder.<\/p>\n\n\n\n<p>Som en del af deres forretningsstrategi, har Better Collective et stort fokus p\u00e5, at man som sportsbetter better p\u00e5 en sikker og forsvarlig m\u00e5de. Blandt andet er Better Collective med i foreninger, der er med til at fremme ansvarlighed og trov\u00e6rdighed i branchen.<\/p>\n\n\n\n<p>Better Collective er partnere med mange af de helt store brands inden for betting, og som blandt andet inkluderer Bet365, Betfair og Unibet. Forretningsmodellen er at formidle deres bettingpartnere til deres brugere, levere strategier og bettingtips, sammenligne odds hos forskellige bookmakere og f\u00e5 brugerne til at deltage i et socialt f\u00e6llesskab med hinanden.<\/p>\n\n\n\n<p>Gennem de senere \u00e5r har Better Collective opn\u00e5et god succes p\u00e5 aktiemarkedet, hvilket f\u00f8lger naturligt af den succes, som selskabet Better Collective har opn\u00e5et. Se mere om hvorfor du b\u00f8r unders\u00f8ge Better Collective n\u00e6rmere i det f\u00f8lgende.<\/p>\n\n\n\n<h2 class=\"wp-block-heading\">Derfor skal du unders\u00f8ge investeringspotentialet p\u00e5 Better Collective aktier<\/h2>\n\n\n\n<p>Better Collective er <strong>en interessant teknologi aktie<\/strong>, og er man til de lidt mere s\u00e6rpr\u00e6gede svenske aktier, s\u00e5 er Better Collective et rigtig godt bud p\u00e5 en aktie, som man b\u00f8r unders\u00f8ge investeringspotentialet p\u00e5. Better Collective tilbyder en interessant tjeneste til deres brugere, og som har medf\u00f8rt stor succes gennem \u00e5rene.<\/p>\n\n\n\n<p>Den store succes har ogs\u00e5 medf\u00f8rt en stigende aktiekurs, der gennem de senere \u00e5r har oplevet en ganske p\u00e6n v\u00e6kst. Det g\u00f8r naturligvis Better Collective aktier interessante i sig selv, og de bliver kun mere fordelagtige af, at der er tale om aktier, der befinder sig p\u00e5 det <a href=\"https:\/\/svenske-aktier.dk\/index.php\/fingerprint-cards-aktier\/\" data-type=\"page\" data-id=\"95\">svenske aktiemarked<\/a>.<\/p>\n\n\n\n<p>Det svenske aktiemarked er nemlig et st\u00e6rkt aktiemarked, der over tid altid har pr\u00e6steret godt. P\u00e5 den lange bane er der s\u00e5ledes en vis sikkerhed forbundet med, at man investerer p\u00e5 det svenske aktiemarked. Dette er som f\u00f8lge af den svenske \u00f8konomi, der skaber et st\u00e6rkt sikkerhedsnet under de svenske selskaber.<\/p>\n\n\n\n<p>Det kommer ogs\u00e5 de svenske aktier til gode p\u00e5 aktiemarkedet, og er noget, som Better Collective aktier ogs\u00e5 opn\u00e5r fordele ved. Alt dette er med til at \u00f8ge fordelene ved Better Collective aktier, og er en af de store grunde til, at vi anbefaler at unders\u00f8ge investeringspotentialet p\u00e5 Better Collective aktier n\u00e6rmere.<\/p>\n\n\n\n<p>Da der aldrig kan gives garantier p\u00e5 aktiemarkedet, er det vigtigt med en grundig analyse af Better Collective aktier, hvis man gerne vil v\u00e6re sikret bedst muligt ved en eventuel investering. Inden du investerer i Better Collective aktier, b\u00f8r du alts\u00e5 f\u00f8rst s\u00f8rge for en grundig analyse af aktien. Det kan nemlig give st\u00f8rre klarhed over, hvorvidt Better Collective aktier er gode aktier at investere i.<\/p>\n","protected":false},"excerpt":{"rendered":"<p>Better Collective er et svensk selskab med fokus p\u00e5 iGaming, og som har en lang r\u00e6kke online platforme. Selskabet tilbyder blandt andet betting tips og nyheder til deres mange millioner af kunder og bes\u00f8gende fra hele verden. Vil du vide mere om Better Collective, s\u00e5 har vi her p\u00e5 siden taget et n\u00e6rmere kig p\u00e5 &#8230; <a title=\"Better Collective aktier\" class=\"read-more\" href=\"https:\/\/svenske-aktier.dk\/index.php\/better-collective-aktier\/\" aria-label=\"Read more about Better Collective aktier\">L\u00e6s mere <\/a><\/p>\n","protected":false},"author":1,"featured_media":0,"parent":0,"menu_order":0,"comment_status":"closed","ping_status":"closed","template":"","meta":{"footnotes":""},"class_list":["post-94","page","type-page","status-publish"],"_links":{"self":[{"href":"https:\/\/svenske-aktier.dk\/index.php\/wp-json\/wp\/v2\/pages\/94","targetHints":{"allow":["GET"]}}],"collection":[{"href":"https:\/\/svenske-aktier.dk\/index.php\/wp-json\/wp\/v2\/pages"}],"about":[{"href":"https:\/\/svenske-aktier.dk\/index.php\/wp-json\/wp\/v2\/types\/page"}],"author":[{"embeddable":true,"href":"https:\/\/svenske-aktier.dk\/index.php\/wp-json\/wp\/v2\/users\/1"}],"replies":[{"embeddable":true,"href":"https:\/\/svenske-aktier.dk\/index.php\/wp-json\/wp\/v2\/comments?post=94"}],"version-history":[{"count":5,"href":"https:\/\/svenske-aktier.dk\/index.php\/wp-json\/wp\/v2\/pages\/94\/revisions"}],"predecessor-version":[{"id":124,"href":"https:\/\/svenske-aktier.dk\/index.php\/wp-json\/wp\/v2\/pages\/94\/revisions\/124"}],"wp:attachment":[{"href":"https:\/\/svenske-aktier.dk\/index.php\/wp-json\/wp\/v2\/media?parent=94"}],"curies":[{"name":"wp","href":"https:\/\/api.w.org\/{rel}","templated":true}]}}